{"id":11,"date":"2011-11-02T12:53:57","date_gmt":"2011-11-02T12:53:57","guid":{"rendered":"http:\/\/adhocmarketing.dk\/?page_id=11"},"modified":"2013-01-15T06:08:13","modified_gmt":"2013-01-15T06:08:13","slug":"ydelser","status":"publish","type":"page","link":"http:\/\/www.adhocmarketing.dk\/?page_id=11","title":{"rendered":"Ydelser"},"content":{"rendered":"<p>Adhoc Marketing kan hj\u00e6lpe din virksomhed med blandt andet:<\/p>\n<ul>\n<li>Kampagne\/aktivitetsplanl\u00e6gning og eksekvering<\/li>\n<li>Strategiudvikling<\/li>\n<li>Udarbejdelse af businessplan<\/li>\n<li>Udarbejdelse af brochurer, annoncer og lignende<\/li>\n<li>Udarbejdelse af pressemeddelelser<\/li>\n<li>Tekstforfatning<\/li>\n<li><a title=\"Vedligeholdelse af hjemmeside\" href=\"http:\/\/www.adhocmarketing.dk\/?page_id=15\">Webmasterservice<\/a><\/li>\n<li>Indk\u00f8b af medier<\/li>\n<li>Sociale medier<\/li>\n<li>Nyhedsbreve<\/li>\n<\/ul>\n<p>Adhoc Marketing har et solidt netv\u00e6rk af medieplanl\u00e6ggere, grafikere, IT folk, analysebureauer og mange andre. Det sparer din virksomhed for tid til at lede efter de leverand\u00f8rer, der er brug for. Desuden har Adhoc Marketing den faglige kompetence til at forhandle fornuftige priser fra underleverand\u00f8rerne til din virksomhed.<\/p>\n","protected":false},"excerpt":{"rendered":"<p>Adhoc Marketing kan hj\u00e6lpe din virksomhed med blandt andet: Kampagne\/aktivitetsplanl\u00e6gning og eksekvering Strategiudvikling Udarbejdelse af businessplan Udarbejdelse af brochurer, annoncer og lignende Udarbejdelse af pressemeddelelser Tekstforfatning Webmasterservice Indk\u00f8b af medier Sociale medier Nyhedsbreve Adhoc Marketing har et solidt netv\u00e6rk af medieplanl\u00e6ggere, grafikere, IT folk, analysebureauer og mange andre. Det sparer din virksomhed for tid til [&hellip;]<\/p>\n","protected":false},"author":1,"featured_media":0,"parent":0,"menu_order":30,"comment_status":"closed","ping_status":"open","template":"","meta":{"footnotes":""},"_links":{"self":[{"href":"http:\/\/www.adhocmarketing.dk\/index.php?rest_route=\/wp\/v2\/pages\/11"}],"collection":[{"href":"http:\/\/www.adhocmarketing.dk\/index.php?rest_route=\/wp\/v2\/pages"}],"about":[{"href":"http:\/\/www.adhocmarketing.dk\/index.php?rest_route=\/wp\/v2\/types\/page"}],"author":[{"embeddable":true,"href":"http:\/\/www.adhocmarketing.dk\/index.php?rest_route=\/wp\/v2\/users\/1"}],"replies":[{"embeddable":true,"href":"http:\/\/www.adhocmarketing.dk\/index.php?rest_route=%2Fwp%2Fv2%2Fcomments&post=11"}],"version-history":[{"count":10,"href":"http:\/\/www.adhocmarketing.dk\/index.php?rest_route=\/wp\/v2\/pages\/11\/revisions"}],"predecessor-version":[{"id":78,"href":"http:\/\/www.adhocmarketing.dk\/index.php?rest_route=\/wp\/v2\/pages\/11\/revisions\/78"}],"wp:attachment":[{"href":"http:\/\/www.adhocmarketing.dk\/index.php?rest_route=%2Fwp%2Fv2%2Fmedia&parent=11"}],"curies":[{"name":"wp","href":"https:\/\/api.w.org\/{rel}","templated":true}]}}