{"id":15,"date":"2011-11-02T12:54:27","date_gmt":"2011-11-02T12:54:27","guid":{"rendered":"http:\/\/adhocmarketing.dk\/?page_id=15"},"modified":"2017-04-27T08:23:23","modified_gmt":"2017-04-27T08:23:23","slug":"kontakt","status":"publish","type":"page","link":"http:\/\/www.adhocmarketing.dk\/?page_id=15","title":{"rendered":"Webmasterservice"},"content":{"rendered":"<p>Efter etableringen af hjemmesiden sker det ofte, at virksomheden fors\u00f8mmer at opdatere tekster, fotos og andet indhold. Det kan medf\u00f8re, at dem, der finder virksomheden via nettet, f\u00e5r et forkert, uaktuelt eller i v\u00e6rste fald rodet indtryk af virksomheden.<\/p>\n<p><strong>Opdatering i faste rammer<\/strong><\/p>\n<p>Adhoc Marketing kan foretage en vurdering af indholdet sammen med virksomheden og derefter gemmemf\u00f8re en komplet opdatering. Derudover kan der tegnes et abonnement p\u00e5 l\u00f8bende opdateringer af hjemmesiden, som sikrer et konstant aktuelt indhold og ikke mindst liv p\u00e5 hjemmesiden, som hele tiden g\u00f8r den interessant at bes\u00f8ge<\/p>\n<p><strong>Virker det?<\/strong><\/p>\n<p>En hjemmeside, der er opdateret med aktuelt indhold og friske nyheder betyder\u00a0ikke i sig selv mere trafik p\u00e5 den korte bane. Men de &#8211; ofte mange &#8211; f\u00f8rstegangsbes\u00f8gende, der bes\u00f8ger siden, f\u00e5r en kvalitetsoplevelse af trov\u00e6rdighed og professionalisme som underbygger virksomhedens image.<\/p>\n<p><strong>Mange \u00e5rs erfaring som tekstforfatter<\/strong><\/p>\n<p>Hans Svensson har i sine tidligere jobs forfattet tekster indenfor emnerne automotive, IT, energi, byggeri og finans. Han form\u00e5r at oms\u00e6tte tungt stof let ford\u00f8jelig kommunikation, der tager udgangspunkt i modtagerens viden- og interesseniveau. Udover tekster til hjemmesider, har Hans Svensson mange \u00e5rs erfaring med at skrive pressemeddelelser, annonce- og brochuretektster mv.<\/p>\n","protected":false},"excerpt":{"rendered":"<p>Efter etableringen af hjemmesiden sker det ofte, at virksomheden fors\u00f8mmer at opdatere tekster, fotos og andet indhold. Det kan medf\u00f8re, at dem, der finder virksomheden via nettet, f\u00e5r et forkert, uaktuelt eller i v\u00e6rste fald rodet indtryk af virksomheden. Opdatering i faste rammer Adhoc Marketing kan foretage en vurdering af indholdet sammen med virksomheden og [&hellip;]<\/p>\n","protected":false},"author":1,"featured_media":0,"parent":0,"menu_order":50,"comment_status":"closed","ping_status":"open","template":"","meta":{"footnotes":""},"_links":{"self":[{"href":"http:\/\/www.adhocmarketing.dk\/index.php?rest_route=\/wp\/v2\/pages\/15"}],"collection":[{"href":"http:\/\/www.adhocmarketing.dk\/index.php?rest_route=\/wp\/v2\/pages"}],"about":[{"href":"http:\/\/www.adhocmarketing.dk\/index.php?rest_route=\/wp\/v2\/types\/page"}],"author":[{"embeddable":true,"href":"http:\/\/www.adhocmarketing.dk\/index.php?rest_route=\/wp\/v2\/users\/1"}],"replies":[{"embeddable":true,"href":"http:\/\/www.adhocmarketing.dk\/index.php?rest_route=%2Fwp%2Fv2%2Fcomments&post=15"}],"version-history":[{"count":41,"href":"http:\/\/www.adhocmarketing.dk\/index.php?rest_route=\/wp\/v2\/pages\/15\/revisions"}],"predecessor-version":[{"id":244,"href":"http:\/\/www.adhocmarketing.dk\/index.php?rest_route=\/wp\/v2\/pages\/15\/revisions\/244"}],"wp:attachment":[{"href":"http:\/\/www.adhocmarketing.dk\/index.php?rest_route=%2Fwp%2Fv2%2Fmedia&parent=15"}],"curies":[{"name":"wp","href":"https:\/\/api.w.org\/{rel}","templated":true}]}}