{"id":17,"date":"2011-11-02T12:54:44","date_gmt":"2011-11-02T12:54:44","guid":{"rendered":"http:\/\/adhocmarketing.dk\/?page_id=17"},"modified":"2022-01-19T12:58:26","modified_gmt":"2022-01-19T12:58:26","slug":"ipsum","status":"publish","type":"page","link":"http:\/\/www.adhocmarketing.dk\/?page_id=17","title":{"rendered":"Samarbejdspartnerne siger"},"content":{"rendered":"<p><b>Rune N\u00f8rgaard\u00a0<\/b><span style=\"font-weight: 600;\">Jensen, Filialchef<\/span><b>,<\/b><br \/>\n<b>Volkswagen Aabenraa og Audi Service Aabenraa<\/b><\/p>\n<p>&#8220;Hans s\u00f8rger for at der er konstant liv p\u00e5 vores hjemmeside med b\u00e5de kampagner, nyheder og forskellige lokale aktiviteter. Vi prioriterer vores digitale ansigt udadtil liges\u00e5 h\u00f8jt som kundens oplevelse i vores fysiske forretning. Jeg er overrasket over, at vi kan f\u00e5 leveret denne ydelse fra Adhoc Marketing til samme m\u00e5nedlige pris, som vi betaler for at f\u00e5 pudset forretningens vinduer&#8221;.<\/p>\n<p><b>Anders Justesen og Martin Iversen, indehavere N\u00e6stved Autocenter A\/S,<\/b> <b>\u0160KODA og\u00a0<\/b><span style=\"font-weight: 600;\">Volkswagen, N\u00e6stved<\/span><\/p>\n<p>&#8220;Vi har haft forn\u00f8jelsen at arbejde sammen med Hans Svensson siden 2013 og er meget glade for samarbejdet.\u00a0Adhoc Marketing hj\u00e6lper vores forretning med at s\u00f8rge for, at vores hjemmesider altid st\u00e5r knivskarpt. Hans er l\u00f8sningsorienteret, og vi oplever altid en hurtig responstid.\u00a0Vi har de varmeste anbefalinger&#8221;.<\/p>\n<p><b>Torben Madsen, forhandler og Jesper Nygaard, medindehaver<\/b><br \/>\n<span style=\"font-weight: 600;\">Volkswagen og\u00a0<\/span><b>\u0160KODA Ribe<\/b><\/p>\n<p>&#8220;Vi er super tilfredse med Adhoc Marketings arbejde. Det er dejligt at Hans t\u00e6nker i individuelle l\u00f8sninger, som r\u00e6kker videre end vores egne. Der er altid hurtig respons fra Adhoc Marketing&#8221;.<\/p>\n<p><b>Kim Augustsen, Autoforhandler<\/b><br \/>\n<b>Kim Augustsen A\/S,\u00a0<\/b><span style=\"font-weight: 600;\">Volkswagen\u00a0<\/span><b>og SEAT, Slagelse<\/b><\/p>\n<p>&#8220;Vi har samarbejdet med AdHoc Marketing v\/Hans Svensson i en \u00e5rr\u00e6kke, og er yderst tilfredse med samarbejdet.\u00a0Hans f\u00e5r samlet op p\u00e5 det, vi ikke selv form\u00e5r. Derfor fremst\u00e5r vores hjemmesider altid ajourf\u00f8rte p\u00e5\u00a0en yderst professionel m\u00e5de&#8221;.<\/p>\n<p><b>Karsten Christensen, Direkt\u00f8r<\/b><br \/>\n<b>Fredericia Auto-service, \u0160KODA, SEAT, Volkswagen service,\u00a0<\/b><span style=\"font-weight: 600;\">Fredericia<\/span><\/p>\n<p>&#8220;Vi har samarbejdet med Adhoc Marketing i en lang \u00e5rr\u00e6kke og er meget tilfredse. Hans er fleksibel og ikke n\u00f8jeregnende, n\u00e5r tingene skal ske i en fart&#8221;.<\/p>\n<p><strong>Dirk Schytt\u00a0Larsen, Forhandler<br \/>\nVolkswagen Skanderborg, \u0160KODA Service og Volkswagen service Odder<br \/>\n<\/strong><\/p>\n<p>&#8220;Vi er yderst tilfredse med samarbejdet med Adhoc Marketing. Hans Svensson er altid im\u00f8dekommende og serviceminded, og sammen finder vi nogle gode l\u00f8sninger. Han er altid opdateret og god til at f\u00f8lge tendenser og nyheder, som han f\u00e5r omsat til links og nyttig information til vores kunder&#8221;.<\/p>\n<p><strong>Martin Tang, salgsdirekt\u00f8r,<br \/>\nVolkswagen Holstebro<br \/>\n<\/strong><\/p>\n<p>&#8220;Vi f\u00e5r altid hurtig respons p\u00e5 vores henvendelser til Adhoc Marketing, og opgaverne l\u00f8ses prompte til vores store tilfredshed. Jeg kan p\u00e5 det varmeste anbefale et samarbejde med Adhoc Marketing&#8221;.<\/p>\n<p><strong>Steffen\u00a0Christensen, direkt\u00f8r,<br \/>\nVolkswagen, SEAT, \u0160KODA og Audi Service &#8211; S\u00f8lvsten Biler, Viborg<br \/>\n<\/strong><\/p>\n<p>&#8220;Adhoc Marketing l\u00f8ser vores hjemmeside-\u00f8nsker super professionelt, lynhurtigt og enhver henseende perfekt. Vi er yderst tilfredse med samarbejdet&#8221;.<\/p>\n<p><strong>Per Hybel, indehaver. VVS Comfort Sydfyn<\/strong><\/p>\n<p>&#8220;Med over 25 mand i arbejde var det f\u00f8rhen sv\u00e6rt at f\u00e5 tid til at holde styr p\u00e5 markedsf\u00f8ringen af forretningen &#8211; ikke mindst vores hjemmeside. Hans er en ih\u00e6rdig og trov\u00e6rdig ildsj\u00e6l, der, udover at str\u00f8mline vores profil, \u00e5rligt sparer os for 2-300.000 kr. p\u00e5 marketingbudgettet. Det har derfor v\u00e6ret en rigtig fin forretning at have Hans ombord. Et samarbejde med Adhoc Marketing er kendetegnet ved, at Hans altid g\u00f8r det, han siger at han vil g\u00f8re.&#8221;<\/p>\n<p><strong>Allan Lindberg, direkt\u00f8r, Virum Motor Co. A\/S<\/strong><\/p>\n<p>&#8220;Hans&#8217; baggrund i Semler Gruppen og gode relationer til import\u00f8ren, g\u00f8r ham i stand til at finde den h\u00e5rfine balance mellem m\u00e6rkernes krav og min lokale forretnings interesser. Hans rolle som &#8220;adhoc marketingchef&#8221; hos Virum Motor Co., har indtil videre resulteret i en markant bedre hjemmeside, knivskarp styring af marketingaktiviteter &#8211; og ikke mindst frig\u00f8relse af kostbar tid hos mig og mine medarbejdere.&#8221;<\/p>\n<p><strong>Hans Henrik Vilhelmsen, direkt\u00f8r, Volkswagen Svendborg<\/strong><\/p>\n<div>&#8220;Markedsf\u00f8ring var min kronisk d\u00e5rlige samvittighed indtil Hans Svensson kom p\u00e5 banen. Udover at sikre dynamik p\u00e5 vores hjemmeside, har Hans&#8217; pressemeddelelser skaffet os mere spalteplads i de lokale medier. Han har haft en v\u00e6sentlig finger med i spillet i forbindelse med \u00e5bningen af Fyns st\u00f8rste Volkswagen-hus og markedsf\u00f8ring af \u00e5bent hus aktiviteter, hvor vi har oplevet hidtil uset kundetilstr\u00f8mning. Med Hans ombord, kan mine medarbejdere og jeg fokusere p\u00e5 det vi er gode til \u2013 at passe bilforretningen \u2013 og samtidig udnytte markedsf\u00f8ringsbudgettet langt bedre end hidtil.&#8221;<\/div>\n<p><strong>Lars Rasmussen, salgs- og marketingdirekt\u00f8r, Globus Wine A\/S<\/strong><\/p>\n<p>&#8220;Som hastigt voksende Gazellevirksomhed, har Globus Wine haft behov for et facelift af grafisk profil, kommunikationsplatform og hjemmeside. Hans tager som &#8220;marketingchef p\u00e5 deltid&#8221; fuldt ejerskab og eksekverer opgaver, som vi selv kun vanskeligt kan n\u00e5 at udf\u00f8re p\u00e5 samme niveau. H\u00f8j kvalitet, god forretningsforst\u00e5else og en fin kemi med virksomhedens ledelse og medarbejdere, kendetegner m\u00e5den Hans Svensson arbejder p\u00e5.&#8221;<\/p>\n<p><strong>Peter J\u00fcrs, fhv. direkt\u00f8r, Carepoint Haslev\/Ringsted:<\/strong><\/p>\n<p>&#8220;Hans Svensson har som &#8220;marketingchef p\u00e5 deltid&#8221; medvirket til at sk\u00e6rpe profilen hos Carepoint Haslev\/Ringsted. Blandt andet gennem en fokuseret indsats p\u00e5 eftermarkedet, har Hans\u2019 indsats medvirket til \u00f8get aktivitet p\u00e5 v\u00e6rkstederne. Desuden har en r\u00e6kke\u00a0skarpe pressemeddelelser sikret os en god portion spalteplads i de lokale og regionale medier. Hans er en trov\u00e6rdig og kompetent sparringspartner, som er et bekendtskab v\u00e6rd for enhver virksomhed, jeg kan komme i tanker om.&#8221;<\/p>\n<p><strong>Lars Karsb\u00e6k, indehaver, Quooker Skandinavien A\/S:<\/strong><\/p>\n<p>&#8220;Hans har v\u00e6ret med ombord hos Quooker siden starten i 2004 i forskellig udstr\u00e6kning.\u00a0Han har forl\u00e6ngst bevist sit v\u00e6rd som b\u00e5de strategisk sparringspartner for ledelsen og\u00a0i den daglige eksekvering af marketing- og kommunikationsopgaver. Hans&#8217; tilstedev\u00e6relse i vores virksomhed er altid et positivt og professionelt indslag &#8211; med et passende glimt i \u00f8jet.&#8221;<\/p>\n<p><strong>Henrik Engel Eichen, direkt\u00f8r, Quooker Skandinavien A\/S:<\/strong><\/p>\n<p>&#8220;Jeg har kendt Hans siden vi var kolleger i Andelsbanken. Desuden har jeg haft forn\u00f8jelsen af at have Hans som medarbejder i b\u00e5de Q8 og SMC-Biler. Hans er en fantastisk god marketing- og kommunikationsmand. Han er kreativ, id\u00e9rig, konceptt\u00e6nkende med et godt overblik. Og sidst men ikke mindst er Hans rigtig god til at s\u00e6tte ord p\u00e5 det hele &#8211; b\u00e5de mundtligt og skriftligt.&#8221;<\/p>\n<p><strong>Henrik Lambert, key Account Manager, Fynske Medier:<br \/>\n<\/strong>&#8220;Hans og jeg har handlet sammen flere gange og han er meget seri\u00f8s og professionel i sin m\u00e5de at samarbejde p\u00e5. Han styrker ligger i overblikket og et meget h\u00f8jt ambitionsniveau for alt hvad han laver.&#8221;<\/p>\n<p><strong>Peter Mahler S\u00f8rensen, adm. dir. &amp; partner, Engelbrechts A\/S:<\/strong><\/p>\n<p>&#8220;Hans kombinerer entusiasme med et &#8220;Blue Ocean&#8221; perspektiv\u00a0samtidig med at han\u00a0har en kreativ sans for nye forretningskoncepter, som g\u00f8r ham til en inspirerende samarbejdspartner.&#8221;<\/p>\n<p><strong>Henrik Rasmussen, adm. dir., Next Level Company:<\/strong><\/p>\n<p>&#8220;Hans er openminded og s\u00f8ger nye l\u00f8sninger. Han har et holistisk syn p\u00e5 forretningen og er resultatorienteret. N\u00e5r jeg har arbejdet med Hans som leverand\u00f8r, har jeg altid oplevet ham som en ligetil, struktureret og\u00a0jordn\u00e6r samarbejdspartner.&#8221;<\/p>\n<p><strong>Mikkel S. Hartvig Andersen, stifter og ejer af Siriuz:<br \/>\n<\/strong>&#8220;Hans Svensson og jeg har samarbejdet om talrige kampagner. B\u00e5de nationale og internationale. Hans var en perfekt samarbejdspartner. B\u00e5de hvad ang\u00e5r markedsf\u00f8ringsf\u00e6rdigheder og hans viden om markederne . Det g\u00f8r ham til en fremragende sparringspartner. Straight talk, altid til kernen af problemet, har resulteret i et st\u00e6rkt samarbejde mellem os.&#8221;<\/p>\n","protected":false},"excerpt":{"rendered":"<p>Rune N\u00f8rgaard\u00a0Jensen, Filialchef, Volkswagen Aabenraa og Audi Service Aabenraa &#8220;Hans s\u00f8rger for at der er konstant liv p\u00e5 vores hjemmeside med b\u00e5de kampagner, nyheder og forskellige lokale aktiviteter. Vi prioriterer vores digitale ansigt udadtil liges\u00e5 h\u00f8jt som kundens oplevelse i vores fysiske forretning. Jeg er overrasket over, at vi kan f\u00e5 leveret denne ydelse fra [&hellip;]<\/p>\n","protected":false},"author":1,"featured_media":0,"parent":0,"menu_order":60,"comment_status":"closed","ping_status":"open","template":"","meta":{"footnotes":""},"_links":{"self":[{"href":"http:\/\/www.adhocmarketing.dk\/index.php?rest_route=\/wp\/v2\/pages\/17"}],"collection":[{"href":"http:\/\/www.adhocmarketing.dk\/index.php?rest_route=\/wp\/v2\/pages"}],"about":[{"href":"http:\/\/www.adhocmarketing.dk\/index.php?rest_route=\/wp\/v2\/types\/page"}],"author":[{"embeddable":true,"href":"http:\/\/www.adhocmarketing.dk\/index.php?rest_route=\/wp\/v2\/users\/1"}],"replies":[{"embeddable":true,"href":"http:\/\/www.adhocmarketing.dk\/index.php?rest_route=%2Fwp%2Fv2%2Fcomments&post=17"}],"version-history":[{"count":68,"href":"http:\/\/www.adhocmarketing.dk\/index.php?rest_route=\/wp\/v2\/pages\/17\/revisions"}],"predecessor-version":[{"id":274,"href":"http:\/\/www.adhocmarketing.dk\/index.php?rest_route=\/wp\/v2\/pages\/17\/revisions\/274"}],"wp:attachment":[{"href":"http:\/\/www.adhocmarketing.dk\/index.php?rest_route=%2Fwp%2Fv2%2Fmedia&parent=17"}],"curies":[{"name":"wp","href":"https:\/\/api.w.org\/{rel}","templated":true}]}}