{"id":4,"date":"2011-11-02T12:52:52","date_gmt":"2011-11-02T12:52:52","guid":{"rendered":"http:\/\/adhocmarketing.dk\/?page_id=4"},"modified":"2022-01-18T08:26:32","modified_gmt":"2022-01-18T08:26:32","slug":"om-os","status":"publish","type":"page","link":"http:\/\/www.adhocmarketing.dk\/?page_id=4","title":{"rendered":"Hvem?"},"content":{"rendered":"<p style=\"text-align: right;\"><a href=\"http:\/\/www.adhocmarketing.dk\/wp-content\/uploads\/2011\/11\/052011-21.jpg\"><img decoding=\"async\" loading=\"lazy\" class=\"size-thumbnail wp-image-157 alignright\" title=\"052011-2\" src=\"http:\/\/www.adhocmarketing.dk\/wp-content\/uploads\/2011\/11\/052011-21-150x150.jpg\" alt=\"\" width=\"150\" height=\"150\" \/><\/a><\/p>\n<p style=\"text-align: left;\">Adhoc Marketing ejes og drives af Hans Svensson,\u00a0der siden 1986 har besk\u00e6ftiget sig med marketing, kommunikation, PR og ledelse\u00a0hos Andelsbanken (Nordea), Kuwait Petroleum (Q8), Carl F og Semler Gruppen (SEAT, \u0160KODA, Volkswagen og Audi). Herunder mange \u00e5rs ledelseserfaring p\u00e5 alle niveauer. Det g\u00f8r Hans Svensson til en v\u00e6rdifuld ressource for din virksomhed, uanset om der er tale om mindre &#8220;hands-on&#8221; opgaver, eller st\u00f8rre strategiske opgaver.<\/p>\n<p style=\"text-align: left;\">Hans Svensson har desuden et solidt netv\u00e6rk af dygtige underleverand\u00f8rer, der sikrer dig optimal anvendelse af virksomhedens marketingkroner.<\/p>\n<p style=\"text-align: left;\">Se mere p\u00e5 siden <strong><a title=\"Samarbejdspartnerne siger\" href=\"http:\/\/www.adhocmarketing.dk\/?page_id=17\" target=\"_blank\" rel=\"noopener noreferrer\">samarbejdspartnerne siger<\/a><\/strong>.<\/p>\n<p style=\"text-align: right;\">.<\/p>\n","protected":false},"excerpt":{"rendered":"<p>Adhoc Marketing ejes og drives af Hans Svensson,\u00a0der siden 1986 har besk\u00e6ftiget sig med marketing, kommunikation, PR og ledelse\u00a0hos Andelsbanken (Nordea), Kuwait Petroleum (Q8), Carl F og Semler Gruppen (SEAT, \u0160KODA, Volkswagen og Audi). Herunder mange \u00e5rs ledelseserfaring p\u00e5 alle niveauer. Det g\u00f8r Hans Svensson til en v\u00e6rdifuld ressource for din virksomhed, uanset om der [&hellip;]<\/p>\n","protected":false},"author":1,"featured_media":0,"parent":0,"menu_order":10,"comment_status":"closed","ping_status":"open","template":"","meta":{"footnotes":""},"_links":{"self":[{"href":"http:\/\/www.adhocmarketing.dk\/index.php?rest_route=\/wp\/v2\/pages\/4"}],"collection":[{"href":"http:\/\/www.adhocmarketing.dk\/index.php?rest_route=\/wp\/v2\/pages"}],"about":[{"href":"http:\/\/www.adhocmarketing.dk\/index.php?rest_route=\/wp\/v2\/types\/page"}],"author":[{"embeddable":true,"href":"http:\/\/www.adhocmarketing.dk\/index.php?rest_route=\/wp\/v2\/users\/1"}],"replies":[{"embeddable":true,"href":"http:\/\/www.adhocmarketing.dk\/index.php?rest_route=%2Fwp%2Fv2%2Fcomments&post=4"}],"version-history":[{"count":20,"href":"http:\/\/www.adhocmarketing.dk\/index.php?rest_route=\/wp\/v2\/pages\/4\/revisions"}],"predecessor-version":[{"id":266,"href":"http:\/\/www.adhocmarketing.dk\/index.php?rest_route=\/wp\/v2\/pages\/4\/revisions\/266"}],"wp:attachment":[{"href":"http:\/\/www.adhocmarketing.dk\/index.php?rest_route=%2Fwp%2Fv2%2Fmedia&parent=4"}],"curies":[{"name":"wp","href":"https:\/\/api.w.org\/{rel}","templated":true}]}}