{"id":7,"date":"2011-11-02T12:53:22","date_gmt":"2011-11-02T12:53:22","guid":{"rendered":"http:\/\/adhocmarketing.dk\/?page_id=7"},"modified":"2013-01-15T06:15:37","modified_gmt":"2013-01-15T06:15:37","slug":"forretningside","status":"publish","type":"page","link":"http:\/\/www.adhocmarketing.dk\/?page_id=7","title":{"rendered":"Forretningsid\u00e9"},"content":{"rendered":"<p>Id\u00e9en med Adhoc Marketing er, at stille\u00a0mange \u00e5rs\u00a0erfaring inden for\u00a0marketing og kommunikation til r\u00e5dighed for mindre og mellemstore virksomheder, der ikke har brug for det tunge skyts p\u00e5 fuld tid. Enten p\u00e5 faste dage hver uge eller m\u00e5ned, eller ad hoc.<\/p>\n<p>Du kan ogs\u00e5 booke Adhoc Marketing til enkeltst\u00e5ende opgaver, hvis du for eksempel st\u00e5r over for en produktintroduktion, et jubil\u00e6um, skal have lavet en pressemeddelese, en brochure, eller har brug for ledelses-, marketing- eller kommunikationsr\u00e5dgivning.<\/p>\n<p><strong>Fuld fleksibilitet<\/strong><\/p>\n<p>Desuden kan Adhoc Marketing indtr\u00e6de som faglig ledelse i virksomheder, der har ansat en marketingansvarlig, der en gang imellem har brug for inspiration, coaching eller ledelse.<\/p>\n<p>Du f\u00e5r alts\u00e5 fuld fleksibilitet\u00a0p\u00e5 en lang r\u00e6kke omr\u00e5der med Adhoc Marketing, og kan p\u00e5 den m\u00e5de effektivisere dine markedsf\u00f8ringsomkostninger gennem et samarbejde med Adhoc Marketing.<\/p>\n<p>&nbsp;<\/p>\n","protected":false},"excerpt":{"rendered":"<p>Id\u00e9en med Adhoc Marketing er, at stille\u00a0mange \u00e5rs\u00a0erfaring inden for\u00a0marketing og kommunikation til r\u00e5dighed for mindre og mellemstore virksomheder, der ikke har brug for det tunge skyts p\u00e5 fuld tid. Enten p\u00e5 faste dage hver uge eller m\u00e5ned, eller ad hoc. Du kan ogs\u00e5 booke Adhoc Marketing til enkeltst\u00e5ende opgaver, hvis du for eksempel st\u00e5r [&hellip;]<\/p>\n","protected":false},"author":1,"featured_media":0,"parent":0,"menu_order":20,"comment_status":"closed","ping_status":"open","template":"","meta":{"footnotes":""},"_links":{"self":[{"href":"http:\/\/www.adhocmarketing.dk\/index.php?rest_route=\/wp\/v2\/pages\/7"}],"collection":[{"href":"http:\/\/www.adhocmarketing.dk\/index.php?rest_route=\/wp\/v2\/pages"}],"about":[{"href":"http:\/\/www.adhocmarketing.dk\/index.php?rest_route=\/wp\/v2\/types\/page"}],"author":[{"embeddable":true,"href":"http:\/\/www.adhocmarketing.dk\/index.php?rest_route=\/wp\/v2\/users\/1"}],"replies":[{"embeddable":true,"href":"http:\/\/www.adhocmarketing.dk\/index.php?rest_route=%2Fwp%2Fv2%2Fcomments&post=7"}],"version-history":[{"count":14,"href":"http:\/\/www.adhocmarketing.dk\/index.php?rest_route=\/wp\/v2\/pages\/7\/revisions"}],"predecessor-version":[{"id":228,"href":"http:\/\/www.adhocmarketing.dk\/index.php?rest_route=\/wp\/v2\/pages\/7\/revisions\/228"}],"wp:attachment":[{"href":"http:\/\/www.adhocmarketing.dk\/index.php?rest_route=%2Fwp%2Fv2%2Fmedia&parent=7"}],"curies":[{"name":"wp","href":"https:\/\/api.w.org\/{rel}","templated":true}]}}