{"id":39,"date":"2011-11-10T10:03:44","date_gmt":"2011-11-10T10:03:44","guid":{"rendered":"http:\/\/www.adhocmarketing.dk\/?page_id=39"},"modified":"2013-01-15T06:05:58","modified_gmt":"2013-01-15T06:05:58","slug":"forside","status":"publish","type":"page","link":"https:\/\/www.adhocmarketing.dk\/","title":{"rendered":"Velkommen"},"content":{"rendered":"<p>Velkommen hos Adhoc Marketing. Her finder du vejen til solide marketing-, kommunikations- og ledelseskompetencer, som du kan g\u00f8re brug af i din forretning pr\u00e6cis n\u00e5r der er\u00a0brug for det.<\/p>\n<p><strong>Knowhow fra nogle af landets st\u00f8rste virksomheder<\/strong><\/p>\n<p>Adhoc Marketing er en enkeltmandsvirksomhed med undertegnede ved roret. Min erfaring stammer\u00a0fra blandt andre Semler Gruppen (SMC), Carl F Gruppen, Q8 og Nordea. Det betyder, at jeg er p\u00e5 hjemmebane i bilbranchen, i byggesektoren, i oliesektoren (detail) og desuden har et godt kendskab til finanssektoren.<\/p>\n<p><strong>Adhoc Marketing &#8211; din marketingchef p\u00e5 deltid<\/strong><\/p>\n<p>Med Adhoc Marketing kan din virksomhed f\u00e5 en habil\u00a0 sparringspartner til at yde r\u00e5dgivning, udf\u00f8re PR-, kommunikations- og marketingopgaver og desuden fungere som coach forskellige steder i virksomheden. Enten p\u00e5 fast ugentlig, eller m\u00e5nedlig basis, eller &#8211; som navnet\u00a0antyder &#8211; ad hoc. I praksis betyder det, at du kan\u00a0v\u00e6lge at hyre en velkvalificeret marketingchef p\u00e5 deltid, eller for eksempel bestille en pressemeddelelse, en brochure, eller en annonce, n\u00e5r du har brug for det.<\/p>\n<p>God forn\u00f8jelse p\u00e5 Adhocmarketing.dk<\/p>\n<p>Med venlig hilsen<br \/>\nHans Svensson<\/p>\n","protected":false},"excerpt":{"rendered":"<p>Velkommen hos Adhoc Marketing. Her finder du vejen til solide marketing-, kommunikations- og ledelseskompetencer, som du kan g\u00f8re brug af i din forretning pr\u00e6cis n\u00e5r der er\u00a0brug for det. Knowhow fra nogle af landets st\u00f8rste virksomheder Adhoc Marketing er en enkeltmandsvirksomhed med undertegnede ved roret. Min erfaring stammer\u00a0fra blandt andre Semler Gruppen (SMC), Carl F [&hellip;]<\/p>\n","protected":false},"author":1,"featured_media":0,"parent":0,"menu_order":5,"comment_status":"closed","ping_status":"closed","template":"","meta":{"footnotes":""},"_links":{"self":[{"href":"https:\/\/www.adhocmarketing.dk\/index.php?rest_route=\/wp\/v2\/pages\/39"}],"collection":[{"href":"https:\/\/www.adhocmarketing.dk\/index.php?rest_route=\/wp\/v2\/pages"}],"about":[{"href":"https:\/\/www.adhocmarketing.dk\/index.php?rest_route=\/wp\/v2\/types\/page"}],"author":[{"embeddable":true,"href":"https:\/\/www.adhocmarketing.dk\/index.php?rest_route=\/wp\/v2\/users\/1"}],"replies":[{"embeddable":true,"href":"https:\/\/www.adhocmarketing.dk\/index.php?rest_route=%2Fwp%2Fv2%2Fcomments&post=39"}],"version-history":[{"count":22,"href":"https:\/\/www.adhocmarketing.dk\/index.php?rest_route=\/wp\/v2\/pages\/39\/revisions"}],"predecessor-version":[{"id":225,"href":"https:\/\/www.adhocmarketing.dk\/index.php?rest_route=\/wp\/v2\/pages\/39\/revisions\/225"}],"wp:attachment":[{"href":"https:\/\/www.adhocmarketing.dk\/index.php?rest_route=%2Fwp%2Fv2%2Fmedia&parent=39"}],"curies":[{"name":"wp","href":"https:\/\/api.w.org\/{rel}","templated":true}]}}